{"id":1058,"date":"2024-07-29T17:13:15","date_gmt":"2024-07-29T15:13:15","guid":{"rendered":"https:\/\/easypeasyknitter.com\/about-me\/"},"modified":"2025-02-17T14:33:43","modified_gmt":"2025-02-17T13:33:43","slug":"about-me","status":"publish","type":"page","link":"https:\/\/easypeasyknitter.com\/en\/about-me\/","title":{"rendered":"About me"},"content":{"rendered":"<p>[et_pb_section fb_built=&#8221;1&#8243; _builder_version=&#8221;4.27.0&#8243; _module_preset=&#8221;default&#8221; custom_padding=&#8221;0px||0px||true|false&#8221; global_colors_info=&#8221;{}&#8221;][et_pb_row _builder_version=&#8221;4.27.0&#8243; _module_preset=&#8221;default&#8221; width=&#8221;100%&#8221; max_width=&#8221;2560px&#8221; custom_padding=&#8221;0px||0px||true|false&#8221; global_colors_info=&#8221;{}&#8221;][et_pb_column type=&#8221;4_4&#8243; _builder_version=&#8221;4.27.0&#8243; _module_preset=&#8221;default&#8221; custom_css_main_element=&#8221;height:200vh;&#8221; global_colors_info=&#8221;{}&#8221;][et_pb_code _builder_version=&#8221;4.27.4&#8243; _module_preset=&#8221;default&#8221; sticky_position=&#8221;top&#8221; sticky_limit_bottom=&#8221;column&#8221; global_colors_info=&#8221;{}&#8221;]<\/p>\n<style><!-- [et_pb_line_break_holder] -->  .animacion-home {<!-- [et_pb_line_break_holder] -->    height: 100vh;<!-- [et_pb_line_break_holder] -->    display: flex;<!-- [et_pb_line_break_holder] -->    justify-content: center;<!-- [et_pb_line_break_holder] -->    align-items: center;<!-- [et_pb_line_break_holder] -->    overflow: hidden;<!-- [et_pb_line_break_holder] -->    position: sticky;<!-- [et_pb_line_break_holder] -->    top:0;<!-- [et_pb_line_break_holder] -->    }<!-- [et_pb_line_break_holder] --><!-- [et_pb_line_break_holder] -->    .animacion-home .titulo {<!-- [et_pb_line_break_holder] -->      font-size: 100px;<!-- [et_pb_line_break_holder] -->      width: 50%;<!-- [et_pb_line_break_holder] -->      text-align: center;<!-- [et_pb_line_break_holder] -->      line-height: 1em;<!-- [et_pb_line_break_holder] -->      z-index: 0;<!-- [et_pb_line_break_holder] -->      opacity: 0;<!-- [et_pb_line_break_holder] -->      position: relative;<!-- [et_pb_line_break_holder] -->    }<!-- [et_pb_line_break_holder] --><!-- [et_pb_line_break_holder] -->    .foto-1, .foto-2, .foto-3, .foto-4, .foto-5 {<!-- [et_pb_line_break_holder] -->      background-position: center;<!-- [et_pb_line_break_holder] -->      background-size: auto 300%;<!-- [et_pb_line_break_holder] -->      position: absolute;<!-- [et_pb_line_break_holder] -->      visibility: hidden;<!-- [et_pb_line_break_holder] -->    }<!-- [et_pb_line_break_holder] --><!-- [et_pb_line_break_holder] -->    .foto-1 {<!-- [et_pb_line_break_holder] -->      background-image: url(https:\/\/easypeasyknitter.com\/wp-content\/uploads\/2024\/07\/marta-1.webp);<!-- [et_pb_line_break_holder] -->      top: 20%;<!-- [et_pb_line_break_holder] -->      left: 10%;<!-- [et_pb_line_break_holder] -->      width: 20%;<!-- [et_pb_line_break_holder] -->      height: 50%;<!-- [et_pb_line_break_holder] -->      transform: scale(0.2);<!-- [et_pb_line_break_holder] -->    }<!-- [et_pb_line_break_holder] --><!-- [et_pb_line_break_holder] -->    .foto-2 {<!-- [et_pb_line_break_holder] -->      background-image: url(https:\/\/easypeasyknitter.com\/wp-content\/uploads\/2024\/07\/marta-2.webp);<!-- [et_pb_line_break_holder] -->      top: 5%;<!-- [et_pb_line_break_holder] -->      left: 25%;<!-- [et_pb_line_break_holder] -->      width: 17%;<!-- [et_pb_line_break_holder] -->      height: 33%;<!-- [et_pb_line_break_holder] -->      transform: scale(0.2);<!-- [et_pb_line_break_holder] -->    }<!-- [et_pb_line_break_holder] --><!-- [et_pb_line_break_holder] -->    .foto-3 {<!-- [et_pb_line_break_holder] -->      background-image: url(https:\/\/easypeasyknitter.com\/wp-content\/uploads\/2024\/07\/marta-3.webp);<!-- [et_pb_line_break_holder] -->      top: 8%;<!-- [et_pb_line_break_holder] -->      left: 40%;<!-- [et_pb_line_break_holder] -->      width: 25%;<!-- [et_pb_line_break_holder] -->      height: 50%;<!-- [et_pb_line_break_holder] -->      transform: scale(0.2);<!-- [et_pb_line_break_holder] -->    }<!-- [et_pb_line_break_holder] --><!-- [et_pb_line_break_holder] -->    .foto-4 {<!-- [et_pb_line_break_holder] -->      background-image: url(https:\/\/easypeasyknitter.com\/wp-content\/uploads\/2024\/07\/marta-4.webp);<!-- [et_pb_line_break_holder] -->      top: 15%;<!-- [et_pb_line_break_holder] -->      left: 60%;<!-- [et_pb_line_break_holder] -->      width: 25%;<!-- [et_pb_line_break_holder] -->      height: 70%;<!-- [et_pb_line_break_holder] -->      transform: scale(0.2);<!-- [et_pb_line_break_holder] -->      \/*para cambiar posici\u00f3n en versi\u00f3n m\u00f3vil*\/<!-- [et_pb_line_break_holder] -->      background-position-x: 40% !important;<!-- [et_pb_line_break_holder] -->    }<!-- [et_pb_line_break_holder] --><!-- [et_pb_line_break_holder] -->    .foto-5 {<!-- [et_pb_line_break_holder] -->      background-image: url(https:\/\/easypeasyknitter.com\/wp-content\/uploads\/2024\/10\/IMG_3409.webp);<!-- [et_pb_line_break_holder] -->      top: 35%;<!-- [et_pb_line_break_holder] -->      left: 27%;<!-- [et_pb_line_break_holder] -->      width: 40%;<!-- [et_pb_line_break_holder] -->      height: 60%;<!-- [et_pb_line_break_holder] -->      transform: scale(0.2);<!-- [et_pb_line_break_holder] -->      background-position-x: 30%;<!-- [et_pb_line_break_holder] -->    }<!-- [et_pb_line_break_holder] -->  <!-- [et_pb_line_break_holder] -->  @media only screen and (min-width:720px) and (max-width:980px){<!-- [et_pb_line_break_holder] -->    .animacion-home .titulo {<!-- [et_pb_line_break_holder] -->      font-size: 100px;<!-- [et_pb_line_break_holder] -->      width: 60%;<!-- [et_pb_line_break_holder] -->    }<!-- [et_pb_line_break_holder] -->  }<!-- [et_pb_line_break_holder] -->  <!-- [et_pb_line_break_holder] -->  @media only screen and (max-width:720px){<!-- [et_pb_line_break_holder] -->    .animacion-home .titulo {<!-- [et_pb_line_break_holder] -->      font-size: 60px;<!-- [et_pb_line_break_holder] -->      width: 80%;<!-- [et_pb_line_break_holder] -->    }<!-- [et_pb_line_break_holder] -->  }<!-- [et_pb_line_break_holder] -->  <!-- [et_pb_line_break_holder] --><\/style>\n<p><!-- [et_pb_line_break_holder] --><\/p>\n<div><!-- [et_pb_line_break_holder] --><\/p>\n<div class=\"animacion-home\"><!-- [et_pb_line_break_holder] -->  <\/p>\n<div class=\"titulo\">Hi, I&#8217;m Marta<\/div>\n<p><!-- [et_pb_line_break_holder] -->  <\/p>\n<div class=\"foto-1\"><\/div>\n<p><!-- [et_pb_line_break_holder] -->  <\/p>\n<div class=\"foto-2\"><\/div>\n<p><!-- [et_pb_line_break_holder] -->  <\/p>\n<div class=\"foto-3\"><\/div>\n<p><!-- [et_pb_line_break_holder] -->  <\/p>\n<div class=\"foto-4\"><\/div>\n<p><!-- [et_pb_line_break_holder] -->  <\/p>\n<div class=\"foto-5\"><\/div>\n<p><!-- [et_pb_line_break_holder] --><\/div>\n<p><!-- [et_pb_line_break_holder] --><\/div>\n<p><!-- [et_pb_line_break_holder] --><!-- [et_pb_line_break_holder] --><script src=\"https:\/\/cdnjs.cloudflare.com\/ajax\/libs\/gsap\/3.11.0\/gsap.min.js\"><\/script><!-- [et_pb_line_break_holder] --><script src=\"https:\/\/cdnjs.cloudflare.com\/ajax\/libs\/gsap\/3.11.0\/ScrollTrigger.min.js\"><\/script><!-- [et_pb_line_break_holder] --><!-- [et_pb_line_break_holder] --><script><!-- [et_pb_line_break_holder] -->  document.addEventListener('DOMContentLoaded', () => {<!-- [et_pb_line_break_holder] -->    \/\/ GSAP animations for initial animations<!-- [et_pb_line_break_holder] -->    gsap.to('.titulo', {<!-- [et_pb_line_break_holder] -->      opacity: 1,<!-- [et_pb_line_break_holder] -->      duration: 2,<!-- [et_pb_line_break_holder] -->      delay: 2.5,<!-- [et_pb_line_break_holder] -->      ease: \"cubic-bezier(0.09, 0.01, 0.1, 0.99)\"<!-- [et_pb_line_break_holder] -->    });<!-- [et_pb_line_break_holder] --><!-- [et_pb_line_break_holder] -->    gsap.to('.foto-1', {<!-- [et_pb_line_break_holder] -->      scale: 1,<!-- [et_pb_line_break_holder] -->      backgroundSize: 'auto 100%',<!-- [et_pb_line_break_holder] -->      visibility: 'visible',<!-- [et_pb_line_break_holder] -->      duration: 2,<!-- [et_pb_line_break_holder] -->      delay: 0,<!-- [et_pb_line_break_holder] -->      ease: \"cubic-bezier(0.09, 0.01, 0.1, 0.99)\"<!-- [et_pb_line_break_holder] -->    });<!-- [et_pb_line_break_holder] --><!-- [et_pb_line_break_holder] -->    gsap.to('.foto-2', {<!-- [et_pb_line_break_holder] -->      scale: 1,<!-- [et_pb_line_break_holder] -->      backgroundSize: 'auto 100%',<!-- [et_pb_line_break_holder] -->      visibility: 'visible',<!-- [et_pb_line_break_holder] -->      duration: 2,<!-- [et_pb_line_break_holder] -->      delay: 0.5,<!-- [et_pb_line_break_holder] -->      ease: \"cubic-bezier(0.09, 0.01, 0.1, 0.99)\"<!-- [et_pb_line_break_holder] -->    });<!-- [et_pb_line_break_holder] --><!-- [et_pb_line_break_holder] -->    gsap.to('.foto-3', {<!-- [et_pb_line_break_holder] -->      scale: 1,<!-- [et_pb_line_break_holder] -->      backgroundSize: 'auto 100%',<!-- [et_pb_line_break_holder] -->      visibility: 'visible',<!-- [et_pb_line_break_holder] -->      duration: 2,<!-- [et_pb_line_break_holder] -->      delay: 0.7,<!-- [et_pb_line_break_holder] -->      ease: \"cubic-bezier(0.09, 0.01, 0.1, 0.99)\"<!-- [et_pb_line_break_holder] -->    });<!-- [et_pb_line_break_holder] --><!-- [et_pb_line_break_holder] -->    gsap.to('.foto-4', {<!-- [et_pb_line_break_holder] -->      scale: 1,<!-- [et_pb_line_break_holder] -->      backgroundSize: 'auto 100%',<!-- [et_pb_line_break_holder] -->      visibility: 'visible',<!-- [et_pb_line_break_holder] -->      duration: 2,<!-- [et_pb_line_break_holder] -->      delay: 1,<!-- [et_pb_line_break_holder] -->      ease: \"cubic-bezier(0.09, 0.01, 0.1, 0.99)\"<!-- [et_pb_line_break_holder] -->    });<!-- [et_pb_line_break_holder] --><!-- [et_pb_line_break_holder] -->    gsap.to('.foto-5', {<!-- [et_pb_line_break_holder] -->      scale: 1,<!-- [et_pb_line_break_holder] -->      backgroundSize: 'auto 100%',<!-- [et_pb_line_break_holder] -->      visibility: 'visible',<!-- [et_pb_line_break_holder] -->      duration: 2,<!-- [et_pb_line_break_holder] -->      delay: 1.5,<!-- [et_pb_line_break_holder] -->      ease: \"cubic-bezier(0.09, 0.01, 0.1, 0.99)\"<!-- [et_pb_line_break_holder] -->    });<!-- [et_pb_line_break_holder] --><!-- [et_pb_line_break_holder] -->    \/\/ GSAP ScrollTrigger for controlling images on scroll<!-- [et_pb_line_break_holder] -->    gsap.utils.toArray('.animacion-home > div[class^=\"foto-\"]').forEach((foto, i) => {<!-- [et_pb_line_break_holder] -->      let x = 0, y = 0;<!-- [et_pb_line_break_holder] -->      switch (i) {<!-- [et_pb_line_break_holder] -->        case 0:<!-- [et_pb_line_break_holder] -->          x = '-100vw'; y = 0;<!-- [et_pb_line_break_holder] -->          break;<!-- [et_pb_line_break_holder] -->        case 1:<!-- [et_pb_line_break_holder] -->          x = '-10vw'; y = '-100vh';<!-- [et_pb_line_break_holder] -->          break;<!-- [et_pb_line_break_holder] -->        case 2:<!-- [et_pb_line_break_holder] -->          x = '10vw'; y = '-100vh';<!-- [et_pb_line_break_holder] -->          break;<!-- [et_pb_line_break_holder] -->        case 3:<!-- [et_pb_line_break_holder] -->          x = '100vw'; y = 0;<!-- [et_pb_line_break_holder] -->          break;<!-- [et_pb_line_break_holder] -->        case 4:<!-- [et_pb_line_break_holder] -->          x = 0; y = '100vh';<!-- [et_pb_line_break_holder] -->          break;<!-- [et_pb_line_break_holder] -->      }<!-- [et_pb_line_break_holder] --><!-- [et_pb_line_break_holder] -->      gsap.to(foto, {<!-- [et_pb_line_break_holder] -->        scrollTrigger: {<!-- [et_pb_line_break_holder] -->          trigger: '.animacion-home',<!-- [et_pb_line_break_holder] -->          start: 'top top',<!-- [et_pb_line_break_holder] -->          end: 'bottom top',<!-- [et_pb_line_break_holder] -->          scrub: true<!-- [et_pb_line_break_holder] -->        },<!-- [et_pb_line_break_holder] -->        x: x,<!-- [et_pb_line_break_holder] -->        y: y,<!-- [et_pb_line_break_holder] -->        opacity: 0,<!-- [et_pb_line_break_holder] -->        duration: 2,<!-- [et_pb_line_break_holder] -->        ease: 'power1.inOut'<!-- [et_pb_line_break_holder] -->      });<!-- [et_pb_line_break_holder] -->    });<!-- [et_pb_line_break_holder] -->  });<!-- [et_pb_line_break_holder] --><!-- [et_pb_line_break_holder] --><\/script>[\/et_pb_code][\/et_pb_column][\/et_pb_row][\/et_pb_section][et_pb_section fb_built=&#8221;1&#8243; _builder_version=&#8221;4.27.0&#8243; _module_preset=&#8221;default&#8221; global_colors_info=&#8221;{}&#8221;][et_pb_row _builder_version=&#8221;4.27.0&#8243; _module_preset=&#8221;default&#8221; max_width=&#8221;750px&#8221; global_colors_info=&#8221;{}&#8221;][et_pb_column type=&#8221;4_4&#8243; _builder_version=&#8221;4.27.0&#8243; _module_preset=&#8221;default&#8221; global_colors_info=&#8221;{}&#8221;][et_pb_text _builder_version=&#8221;4.27.0&#8243; _module_preset=&#8221;default&#8221; link_text_color=&#8221;gcid-4b26fed2-4128-4f72-989f-2d5787ceb3c0&#8243; header_font=&#8221;|600|||||||&#8221; header_font_size=&#8221;50px&#8221; text_orientation=&#8221;center&#8221; global_colors_info=&#8221;{%22gcid-4b26fed2-4128-4f72-989f-2d5787ceb3c0%22:%91%22link_text_color%22%93}&#8221;]<\/p>\n<h1 style=\"margin-bottom: 40px;\">Welcome!<\/h1>\n<p>I&#8217;m Marta, the face behind Easy Peasy Knitter.<\/p>\n<p>Why the name Easy Peasy Knitter? I\u2019ve always loved the expression \u201ceasy pease\u201d when learning English and I took it as my motto when looking for patterns when I started knitting. I looked for the easiest ones possible since I was a little afraid of needles although it didn&#8217;t last long and I freed myself thanks to many videos, being a tester for several designers and not being afraid to \u201ctrial and error\u201d.<\/p>\n<p>I decided to create Easy Peasy Knitter to help more people who felt like me when I was starting out&#8230; lost without knowing where to look or overwhelmed by all the information from different sites and with variations in the information. My goal with this space is to share knowledge about the world of knitting, having it all available in one place and so that you feel accompanied at all times on your wool adventure.<\/p>\n<p>If you have any questions, you have the contact tab <a href=\"https:\/\/easypeasyknitter.com\/en\/contact\/\">contact<\/a> at your disposal and I will give you an answer as soon as possible. <\/p>\n<p>Enjoy knitting!<\/p>\n<p>Marta<br \/>\nEasy Peasy Knitter[\/et_pb_text][et_pb_divider _builder_version=&#8221;4.27.4&#8243; _module_preset=&#8221;default&#8221; hover_enabled=&#8221;0&#8243; sticky_enabled=&#8221;0&#8243;][\/et_pb_divider][et_pb_text _builder_version=&#8221;4.27.4&#8243; _module_preset=&#8221;default&#8221; hover_enabled=&#8221;0&#8243; sticky_enabled=&#8221;0&#8243;]<\/p>\n<h2 style=\"text-align: center;\"><strong>What do testers say about me?<\/strong><\/h2>\n<p>[\/et_pb_text][et_pb_slider _builder_version=&#8221;4.27.4&#8243; _module_preset=&#8221;default&#8221; hover_enabled=&#8221;0&#8243; sticky_enabled=&#8221;0&#8243;][et_pb_slide _builder_version=&#8221;4.27.4&#8243; _module_preset=&#8221;default&#8221; hover_enabled=&#8221;0&#8243; sticky_enabled=&#8221;0&#8243;]<\/p>\n<p><span style=\"font-weight: 400;\">\u201cI enjoyed the pattern itself, as it&#8217;s beautiful and I got many compliments on it at a holiday party this weekend. I also thought you were great with communicating and quick to respond. It was well-written and I really enjoyed knitting it. Thank you for choosing me to be a test knitter! \u2764\ufe0f\u201d &#8211; Lynn (Galleo shawl tester)<\/span><\/p>\n<p>[\/et_pb_slide][et_pb_slide _builder_version=&#8221;4.27.4&#8243; _module_preset=&#8221;default&#8221; hover_enabled=&#8221;0&#8243; sticky_enabled=&#8221;0&#8243;]<\/p>\n<p><span style=\"font-weight: 400;\">\u201cI think your patterns are beautiful. Beside that I love the way you set up your designs, so they are accessible to experienced knitters as well as newbies\u201d &#8211; Sietske (Galleo shawl tester)<\/span><\/p>\n<p>&nbsp;<\/p>\n<p>[\/et_pb_slide][et_pb_slide _builder_version=&#8221;4.27.4&#8243; _module_preset=&#8221;default&#8221; hover_enabled=&#8221;0&#8243; sticky_enabled=&#8221;0&#8243;]<\/p>\n<p><span style=\"font-weight: 400;\">\u201cYou are great at clarity and communication, and this pattern is absolutely wonderful\u201d &#8211; Ulrika (Galleo shawl tester)<\/span><\/p>\n<p>[\/et_pb_slide][et_pb_slide _builder_version=&#8221;4.27.4&#8243; _module_preset=&#8221;default&#8221; hover_enabled=&#8221;0&#8243; sticky_enabled=&#8221;0&#8243;]<\/p>\n<p><span style=\"font-weight: 400;\">\u201cThe pattern was not difficult, and turned out so beautifully. The designer clearly has an eye for designing something that can be done simply but not look simple.\u201d &#8211; Krysta (Galleo shawl tester)<\/span><\/p>\n<p>[\/et_pb_slide][et_pb_slide _builder_version=&#8221;4.27.4&#8243; _module_preset=&#8221;default&#8221; hover_enabled=&#8221;0&#8243; sticky_enabled=&#8221;0&#8243;]<\/p>\n<p><span style=\"font-weight: 400;\">I love the way you write your patterns. It is very clear and easy to follow &#8211; I loved it! &#8211; Addison (Basic EPK sweater tester)<\/span><\/p>\n<p>&nbsp;<\/p>\n<p>[\/et_pb_slide][et_pb_slide _builder_version=&#8221;4.27.4&#8243; _module_preset=&#8221;default&#8221; hover_enabled=&#8221;0&#8243; sticky_enabled=&#8221;0&#8243;]<\/p>\n<p><span style=\"font-weight: 400;\">I really enjoyed working with you and loved the design. Please reach out anytime you need a tester for size 1!\u00a0 &#8211; Asha (Basic EPK sweater tester)<\/span><\/p>\n<p>[\/et_pb_slide][\/et_pb_slider][\/et_pb_column][\/et_pb_row][\/et_pb_section]<\/p>\n","protected":false},"excerpt":{"rendered":"<p>Welcome! I&#8217;m Marta, the face behind Easy Peasy Knitter. Why the name Easy Peasy Knitter? I\u2019ve always loved the expression \u201ceasy pease\u201d when learning English and I took it as my motto when looking for patterns when I started knitting. I looked for the easiest ones possible since I was a little afraid of needles [&hellip;]<\/p>\n","protected":false},"author":1,"featured_media":0,"parent":0,"menu_order":5,"comment_status":"closed","ping_status":"closed","template":"","meta":{"_acf_changed":false,"_et_pb_use_builder":"on","_et_pb_old_content":"","_et_gb_content_width":"","footnotes":""},"class_list":["post-1058","page","type-page","status-publish","hentry"],"acf":[],"_links":{"self":[{"href":"https:\/\/easypeasyknitter.com\/en\/wp-json\/wp\/v2\/pages\/1058","targetHints":{"allow":["GET"]}}],"collection":[{"href":"https:\/\/easypeasyknitter.com\/en\/wp-json\/wp\/v2\/pages"}],"about":[{"href":"https:\/\/easypeasyknitter.com\/en\/wp-json\/wp\/v2\/types\/page"}],"author":[{"embeddable":true,"href":"https:\/\/easypeasyknitter.com\/en\/wp-json\/wp\/v2\/users\/1"}],"replies":[{"embeddable":true,"href":"https:\/\/easypeasyknitter.com\/en\/wp-json\/wp\/v2\/comments?post=1058"}],"version-history":[{"count":13,"href":"https:\/\/easypeasyknitter.com\/en\/wp-json\/wp\/v2\/pages\/1058\/revisions"}],"predecessor-version":[{"id":5764,"href":"https:\/\/easypeasyknitter.com\/en\/wp-json\/wp\/v2\/pages\/1058\/revisions\/5764"}],"wp:attachment":[{"href":"https:\/\/easypeasyknitter.com\/en\/wp-json\/wp\/v2\/media?parent=1058"}],"curies":[{"name":"wp","href":"https:\/\/api.w.org\/{rel}","templated":true}]}}